{"id":27010,"date":"2024-04-22T20:11:25","date_gmt":"2024-04-22T20:11:25","guid":{"rendered":"https:\/\/mth.lipalabs.de\/imprint\/"},"modified":"2024-06-21T07:39:17","modified_gmt":"2024-06-21T07:39:17","slug":"imprint","status":"publish","type":"page","link":"https:\/\/mth.lipalabs.de\/en\/imprint\/","title":{"rendered":"Imprint"},"content":{"rendered":"\t\t<div data-elementor-type=\"wp-page\" data-elementor-id=\"27010\" class=\"elementor elementor-27010 elementor-236\" data-elementor-post-type=\"page\">\n\t\t\t\t<div class=\"elementor-element elementor-element-4363cc7 e-flex e-con-boxed e-con e-parent\" data-id=\"4363cc7\" data-element_type=\"container\">\n\t\t\t\t\t<div class=\"e-con-inner\">\n\t\t<div class=\"elementor-element elementor-element-309822d e-con-full e-flex e-con e-child\" data-id=\"309822d\" data-element_type=\"container\">\n\t\t\t\t<\/div>\n\t\t<div class=\"elementor-element elementor-element-2c4126f e-con-full e-flex e-con e-child\" data-id=\"2c4126f\" data-element_type=\"container\">\n\t\t\t\t<div class=\"elementor-element elementor-element-608b162 elementor-widget__width-inherit elementor-widget elementor-widget-heading\" data-id=\"608b162\" data-element_type=\"widget\" data-widget_type=\"heading.default\">\n\t\t\t\t<div class=\"elementor-widget-container\">\n\t\t\t<style>\/*! elementor - v3.21.0 - 18-04-2024 *\/\n.elementor-heading-title{padding:0;margin:0;line-height:1}.elementor-widget-heading .elementor-heading-title[class*=elementor-size-]>a{color:inherit;font-size:inherit;line-height:inherit}.elementor-widget-heading .elementor-heading-title.elementor-size-small{font-size:15px}.elementor-widget-heading .elementor-heading-title.elementor-size-medium{font-size:19px}.elementor-widget-heading .elementor-heading-title.elementor-size-large{font-size:29px}.elementor-widget-heading .elementor-heading-title.elementor-size-xl{font-size:39px}.elementor-widget-heading .elementor-heading-title.elementor-size-xxl{font-size:59px}<\/style><h2 class=\"elementor-heading-title elementor-size-default\">Publisher<\/h2>\t\t<\/div>\n\t\t\t\t<\/div>\n\t\t\t\t<div class=\"elementor-element elementor-element-c5b8a51 elementor-widget elementor-widget-text-editor\" data-id=\"c5b8a51\" data-element_type=\"widget\" data-widget_type=\"text-editor.default\">\n\t\t\t\t<div class=\"elementor-widget-container\">\n\t\t\t<style>\/*! elementor - v3.21.0 - 18-04-2024 *\/\n.elementor-widget-text-editor.elementor-drop-cap-view-stacked .elementor-drop-cap{background-color:#69727d;color:#fff}.elementor-widget-text-editor.elementor-drop-cap-view-framed .elementor-drop-cap{color:#69727d;border:3px solid;background-color:transparent}.elementor-widget-text-editor:not(.elementor-drop-cap-view-default) .elementor-drop-cap{margin-top:8px}.elementor-widget-text-editor:not(.elementor-drop-cap-view-default) .elementor-drop-cap-letter{width:1em;height:1em}.elementor-widget-text-editor .elementor-drop-cap{float:left;text-align:center;line-height:1;font-size:50px}.elementor-widget-text-editor .elementor-drop-cap-letter{display:inline-block}<\/style>\t\t\t\t<div id=\"text-image-block_5c9a4af0b16d0\" class=\"text-image-wrapper columns\">\n<div class=\"column is-8 is-offset-2\">\n<div class=\"text-image-holder\">\n<p>MediaTech Hub Potsdam Management GmbH<br \/>Marlene-Dietrich-Allee 12 a<br \/>14482 Potsdam<\/p>\n<\/div>\n<\/div>\n<\/div>\n<div id=\"text-image-block_5ca48a36a1ea2\" class=\"text-image-wrapper columns\">\n<div class=\"column is-8 is-offset-2\">\n<div class=\"text-image-holder\">\n<p>The MediaTech Hub Potsdam is supported by a consortium of representatives from the networks media:net berlinbrandenburg e.V., the VR Verein Berlin Brandenburg, the Ministry for Economic Affairs and Energy, the state capital Potsdam and the Brandenburg Economic Development Corporation together with a large number of companies, scientific institutions, institutions and associations.<\/p>\n<p><strong>An initiative of 30 companies, institutions and associations launched the MediaTech Hub Potsdam:<\/strong><br \/>Cluster IKT, Medien und Kreativwirtschaft Berlin-Brandenburg; CPU 24\/7; Fachhochschule Potsdam; Filmpark Babelsberg; Filmuniversit\u00e4t Babelsberg Konrad Wolf; Fraunhofer-Institut f\u00fcr Nachrichtentechnik\/Heinrich-Hertz-Institut; GEOkomm; Hasso-Plattner-Institut; Industrie- und Handelskammer Potsdam; Interlake Media und Interlake System; Landeshauptstadt Potsdam; media:net berlinbrandenburg; medienboard Berlin-Brandenburg; Medieninnovationszentrum Babelsberg; Metropolis VR; Ministerium f\u00fcr Wirtschaft und Energie des Landes Brandenburg; Mittelstand 4.0-Agentur Kommunikation; morro images; Pearls &#8211; Potsdam Research Network; proWissen Potsdam; QiO Technologies; Rotor Film; Rundfunk Berlin-Brandenburg; Silicon Sanssouci; Studio Babelsberg; Technologie- und Gr\u00fcnderzentren Potsdam; transfermedia production services; UFA; Universit\u00e4t Potsdam; Unternehmensverb\u00e4nde Berlin-Brandenburg (UVB); Virtual Reality e.V. Berlin Brandenburg; Wirtschaftsf\u00f6rderung Brandenburg (WFBB); Wonderlamp Industries<\/p>\n<p><strong>Sales tax identification number<\/strong><br \/>according to \u00a7 27 a sales tax law: DE319757016<\/p>\n<p><strong>Responsibility for content within the meaning of \u00a7 5 TMG and \u00a7 55 para. 2 RStV<\/strong><br \/>The pages are edited by MediaTech Hub Potsdam Management GmbH.<br \/>Managing Director: Andrea Wickleder<br \/>T. +49 331 58243548<br \/>Please send any questions or comments to:<br \/>contact(at)mth-potsdam.de<\/p>\n<p><strong>Copyright of the pictures and videos<\/strong><br \/>Unless otherwise noted: \u00a9 MTH Potsdam<br \/>MediaTech Hub Potsdam Management GmbH<br \/>Marlene-Dietrich-Allee 12 a<br \/>14482 Potsdam<\/p>\n<p><strong>Disclaimer and presence in social media<\/strong><br \/>The official social media channels of MediaTech Hub Potsdam are operated by MediaTech Hub Potsdam Management GmbH. The comments of users reflect their opinions only, not those of MTH Potsdam Management GmbH.<br \/>The contents of the website were created with the greatest possible care. No guarantee is given for the completeness, correctness, up-to-dateness or availability. Liability for damages resulting from the use or non-use of the information offered on this website or the accessing or downloading of data is excluded. We also accept no liability for linked content, even if this is carefully checked when the link is first created.<\/p>\n<p><strong>Data protection notice<\/strong><br \/>You can find all information on the protection of your data in our privacy policy<\/p>\n<\/div>\n<\/div>\n<\/div>\n\t\t\t\t\t\t<\/div>\n\t\t\t\t<\/div>\n\t\t\t\t<\/div>\n\t\t\t\t\t<\/div>\n\t\t\t\t<\/div>\n\t\t\t\t<\/div>\n\t\t","protected":false},"excerpt":{"rendered":"<p>Publisher MediaTech Hub Potsdam Management GmbHMarlene-Dietrich-Allee 12 a14482 Potsdam The MediaTech Hub Potsdam is supported by a consortium of representatives from the networks media:net berlinbrandenburg e.V., the VR Verein Berlin Brandenburg, the Ministry for Economic Affairs and Energy, the state capital Potsdam and the Brandenburg Economic Development Corporation together with a large number of companies, [&hellip;]<\/p>\n","protected":false},"author":1,"featured_media":0,"parent":0,"menu_order":0,"comment_status":"closed","ping_status":"closed","template":"","meta":{"_acf_changed":false,"footnotes":""},"class_list":["post-27010","page","type-page","status-publish","hentry"],"acf":[],"yoast_head":"<!-- This site is optimized with the Yoast SEO plugin v22.9 - https:\/\/yoast.com\/wordpress\/plugins\/seo\/ -->\n<title>Imprint &#8211; MediaTech Hub Potsdam<\/title>\n<meta name=\"robots\" content=\"noindex, follow, max-snippet:-1, max-image-preview:large, max-video-preview:-1\" \/>\n<meta property=\"og:locale\" content=\"en_US\" \/>\n<meta property=\"og:type\" content=\"article\" \/>\n<meta property=\"og:title\" content=\"Imprint &#8211; MediaTech Hub Potsdam\" \/>\n<meta property=\"og:description\" content=\"Publisher MediaTech Hub Potsdam Management GmbHMarlene-Dietrich-Allee 12 a14482 Potsdam The MediaTech Hub Potsdam is supported by a consortium of representatives from the networks media:net berlinbrandenburg e.V., the VR Verein Berlin Brandenburg, the Ministry for Economic Affairs and Energy, the state capital Potsdam and the Brandenburg Economic Development Corporation together with a large number of companies, [&hellip;]\" \/>\n<meta property=\"og:url\" content=\"https:\/\/mth.lipalabs.de\/en\/imprint\/\" \/>\n<meta property=\"og:site_name\" content=\"MediaTech Hub Potsdam\" \/>\n<meta property=\"article:publisher\" content=\"https:\/\/www.facebook.com\/MediaTechHubPotsdam\/\" \/>\n<meta property=\"article:modified_time\" content=\"2024-06-21T07:39:17+00:00\" \/>\n<meta name=\"twitter:card\" content=\"summary_large_image\" \/>\n<meta name=\"twitter:site\" content=\"@MediaTech_Hub\" \/>\n<meta name=\"twitter:label1\" content=\"Est. reading time\" \/>\n\t<meta name=\"twitter:data1\" content=\"2 minutes\" \/>\n<script type=\"application\/ld+json\" class=\"yoast-schema-graph\">{\"@context\":\"https:\/\/schema.org\",\"@graph\":[{\"@type\":\"WebPage\",\"@id\":\"https:\/\/mth.lipalabs.de\/en\/imprint\/\",\"url\":\"https:\/\/mth.lipalabs.de\/en\/imprint\/\",\"name\":\"Imprint &#8211; MediaTech Hub Potsdam\",\"isPartOf\":{\"@id\":\"https:\/\/mth.lipalabs.de\/en\/#website\"},\"datePublished\":\"2024-04-22T20:11:25+00:00\",\"dateModified\":\"2024-06-21T07:39:17+00:00\",\"breadcrumb\":{\"@id\":\"https:\/\/mth.lipalabs.de\/en\/imprint\/#breadcrumb\"},\"inLanguage\":\"en-US\",\"potentialAction\":[{\"@type\":\"ReadAction\",\"target\":[\"https:\/\/mth.lipalabs.de\/en\/imprint\/\"]}]},{\"@type\":\"BreadcrumbList\",\"@id\":\"https:\/\/mth.lipalabs.de\/en\/imprint\/#breadcrumb\",\"itemListElement\":[{\"@type\":\"ListItem\",\"position\":1,\"name\":\"Startseite\",\"item\":\"https:\/\/mth.lipalabs.de\/en\/\"},{\"@type\":\"ListItem\",\"position\":2,\"name\":\"Imprint\"}]},{\"@type\":\"WebSite\",\"@id\":\"https:\/\/mth.lipalabs.de\/en\/#website\",\"url\":\"https:\/\/mth.lipalabs.de\/en\/\",\"name\":\"MediaTech Hub Potsdam\",\"description\":\"\",\"publisher\":{\"@id\":\"https:\/\/mth.lipalabs.de\/en\/#organization\"},\"alternateName\":\"MTH Potsdam\",\"potentialAction\":[{\"@type\":\"SearchAction\",\"target\":{\"@type\":\"EntryPoint\",\"urlTemplate\":\"https:\/\/mth.lipalabs.de\/en\/?s={search_term_string}\"},\"query-input\":\"required name=search_term_string\"}],\"inLanguage\":\"en-US\"},{\"@type\":\"Organization\",\"@id\":\"https:\/\/mth.lipalabs.de\/en\/#organization\",\"name\":\"MediaTech Hub Potsdam\",\"alternateName\":\"MTH Potsdam\",\"url\":\"https:\/\/mth.lipalabs.de\/en\/\",\"logo\":{\"@type\":\"ImageObject\",\"inLanguage\":\"en-US\",\"@id\":\"https:\/\/mth.lipalabs.de\/en\/#\/schema\/logo\/image\/\",\"url\":null,\"contentUrl\":null,\"width\":null,\"height\":null,\"caption\":\"MediaTech Hub Potsdam\"},\"image\":{\"@id\":\"https:\/\/mth.lipalabs.de\/en\/#\/schema\/logo\/image\/\"},\"sameAs\":[\"https:\/\/www.facebook.com\/MediaTechHubPotsdam\/\",\"https:\/\/x.com\/MediaTech_Hub\",\"https:\/\/www.linkedin.com\/company\/mediatech-hub-potsdam\",\"https:\/\/www.instagram.com\/mthpotsdam\/\",\"https:\/\/www.youtube.com\/channel\/UC48aWrGJIz-U9dN0mG-3OlQ\"]}]}<\/script>\n<!-- \/ Yoast SEO plugin. -->","yoast_head_json":{"title":"Imprint &#8211; MediaTech Hub Potsdam","robots":{"index":"noindex","follow":"follow","max-snippet":"max-snippet:-1","max-image-preview":"max-image-preview:large","max-video-preview":"max-video-preview:-1"},"og_locale":"en_US","og_type":"article","og_title":"Imprint &#8211; MediaTech Hub Potsdam","og_description":"Publisher MediaTech Hub Potsdam Management GmbHMarlene-Dietrich-Allee 12 a14482 Potsdam The MediaTech Hub Potsdam is supported by a consortium of representatives from the networks media:net berlinbrandenburg e.V., the VR Verein Berlin Brandenburg, the Ministry for Economic Affairs and Energy, the state capital Potsdam and the Brandenburg Economic Development Corporation together with a large number of companies, [&hellip;]","og_url":"https:\/\/mth.lipalabs.de\/en\/imprint\/","og_site_name":"MediaTech Hub Potsdam","article_publisher":"https:\/\/www.facebook.com\/MediaTechHubPotsdam\/","article_modified_time":"2024-06-21T07:39:17+00:00","twitter_card":"summary_large_image","twitter_site":"@MediaTech_Hub","twitter_misc":{"Est. reading time":"2 minutes"},"schema":{"@context":"https:\/\/schema.org","@graph":[{"@type":"WebPage","@id":"https:\/\/mth.lipalabs.de\/en\/imprint\/","url":"https:\/\/mth.lipalabs.de\/en\/imprint\/","name":"Imprint &#8211; MediaTech Hub Potsdam","isPartOf":{"@id":"https:\/\/mth.lipalabs.de\/en\/#website"},"datePublished":"2024-04-22T20:11:25+00:00","dateModified":"2024-06-21T07:39:17+00:00","breadcrumb":{"@id":"https:\/\/mth.lipalabs.de\/en\/imprint\/#breadcrumb"},"inLanguage":"en-US","potentialAction":[{"@type":"ReadAction","target":["https:\/\/mth.lipalabs.de\/en\/imprint\/"]}]},{"@type":"BreadcrumbList","@id":"https:\/\/mth.lipalabs.de\/en\/imprint\/#breadcrumb","itemListElement":[{"@type":"ListItem","position":1,"name":"Startseite","item":"https:\/\/mth.lipalabs.de\/en\/"},{"@type":"ListItem","position":2,"name":"Imprint"}]},{"@type":"WebSite","@id":"https:\/\/mth.lipalabs.de\/en\/#website","url":"https:\/\/mth.lipalabs.de\/en\/","name":"MediaTech Hub Potsdam","description":"","publisher":{"@id":"https:\/\/mth.lipalabs.de\/en\/#organization"},"alternateName":"MTH Potsdam","potentialAction":[{"@type":"SearchAction","target":{"@type":"EntryPoint","urlTemplate":"https:\/\/mth.lipalabs.de\/en\/?s={search_term_string}"},"query-input":"required name=search_term_string"}],"inLanguage":"en-US"},{"@type":"Organization","@id":"https:\/\/mth.lipalabs.de\/en\/#organization","name":"MediaTech Hub Potsdam","alternateName":"MTH Potsdam","url":"https:\/\/mth.lipalabs.de\/en\/","logo":{"@type":"ImageObject","inLanguage":"en-US","@id":"https:\/\/mth.lipalabs.de\/en\/#\/schema\/logo\/image\/","url":null,"contentUrl":null,"width":null,"height":null,"caption":"MediaTech Hub Potsdam"},"image":{"@id":"https:\/\/mth.lipalabs.de\/en\/#\/schema\/logo\/image\/"},"sameAs":["https:\/\/www.facebook.com\/MediaTechHubPotsdam\/","https:\/\/x.com\/MediaTech_Hub","https:\/\/www.linkedin.com\/company\/mediatech-hub-potsdam","https:\/\/www.instagram.com\/mthpotsdam\/","https:\/\/www.youtube.com\/channel\/UC48aWrGJIz-U9dN0mG-3OlQ"]}]}},"_links":{"self":[{"href":"https:\/\/mth.lipalabs.de\/en\/wp-json\/wp\/v2\/pages\/27010","targetHints":{"allow":["GET"]}}],"collection":[{"href":"https:\/\/mth.lipalabs.de\/en\/wp-json\/wp\/v2\/pages"}],"about":[{"href":"https:\/\/mth.lipalabs.de\/en\/wp-json\/wp\/v2\/types\/page"}],"author":[{"embeddable":true,"href":"https:\/\/mth.lipalabs.de\/en\/wp-json\/wp\/v2\/users\/1"}],"replies":[{"embeddable":true,"href":"https:\/\/mth.lipalabs.de\/en\/wp-json\/wp\/v2\/comments?post=27010"}],"version-history":[{"count":1,"href":"https:\/\/mth.lipalabs.de\/en\/wp-json\/wp\/v2\/pages\/27010\/revisions"}],"predecessor-version":[{"id":27012,"href":"https:\/\/mth.lipalabs.de\/en\/wp-json\/wp\/v2\/pages\/27010\/revisions\/27012"}],"wp:attachment":[{"href":"https:\/\/mth.lipalabs.de\/en\/wp-json\/wp\/v2\/media?parent=27010"}],"curies":[{"name":"wp","href":"https:\/\/api.w.org\/{rel}","templated":true}]}}