{"id":27027,"date":"2024-04-21T20:03:13","date_gmt":"2024-04-21T20:03:13","guid":{"rendered":"https:\/\/mth.lipalabs.de\/contact-us\/"},"modified":"2024-06-21T07:50:35","modified_gmt":"2024-06-21T07:50:35","slug":"contact-us","status":"publish","type":"page","link":"https:\/\/mth.lipalabs.de\/en\/contact-us\/","title":{"rendered":"Contact us"},"content":{"rendered":"\t\t<div data-elementor-type=\"wp-page\" data-elementor-id=\"27027\" class=\"elementor elementor-27027 elementor-211\" data-elementor-post-type=\"page\">\n\t\t\t\t<div class=\"elementor-element elementor-element-566114e e-flex e-con-boxed e-con e-parent\" data-id=\"566114e\" data-element_type=\"container\">\n\t\t\t\t\t<div class=\"e-con-inner\">\n\t\t<div class=\"elementor-element elementor-element-0285619 e-con-full e-flex e-con e-child\" data-id=\"0285619\" data-element_type=\"container\">\n\t\t\t\t<div class=\"elementor-element elementor-element-adc9c5f elementor-widget elementor-widget-heading\" data-id=\"adc9c5f\" data-element_type=\"widget\" data-widget_type=\"heading.default\">\n\t\t\t\t<div class=\"elementor-widget-container\">\n\t\t\t<style>\/*! elementor - v3.21.0 - 18-04-2024 *\/\n.elementor-heading-title{padding:0;margin:0;line-height:1}.elementor-widget-heading .elementor-heading-title[class*=elementor-size-]>a{color:inherit;font-size:inherit;line-height:inherit}.elementor-widget-heading .elementor-heading-title.elementor-size-small{font-size:15px}.elementor-widget-heading .elementor-heading-title.elementor-size-medium{font-size:19px}.elementor-widget-heading .elementor-heading-title.elementor-size-large{font-size:29px}.elementor-widget-heading .elementor-heading-title.elementor-size-xl{font-size:39px}.elementor-widget-heading .elementor-heading-title.elementor-size-xxl{font-size:59px}<\/style><h2 class=\"elementor-heading-title elementor-size-default\">Approach  <\/h2>\t\t<\/div>\n\t\t\t\t<\/div>\n\t\t\t\t<\/div>\n\t\t<div class=\"elementor-element elementor-element-016ad44 e-con-full e-flex e-con e-child\" data-id=\"016ad44\" data-element_type=\"container\">\n\t\t\t\t<div class=\"elementor-element elementor-element-8897304 text-default-green elementor-widget elementor-widget-text-editor\" data-id=\"8897304\" data-element_type=\"widget\" data-widget_type=\"text-editor.default\">\n\t\t\t\t<div class=\"elementor-widget-container\">\n\t\t\t<style>\/*! elementor - v3.21.0 - 18-04-2024 *\/\n.elementor-widget-text-editor.elementor-drop-cap-view-stacked .elementor-drop-cap{background-color:#69727d;color:#fff}.elementor-widget-text-editor.elementor-drop-cap-view-framed .elementor-drop-cap{color:#69727d;border:3px solid;background-color:transparent}.elementor-widget-text-editor:not(.elementor-drop-cap-view-default) .elementor-drop-cap{margin-top:8px}.elementor-widget-text-editor:not(.elementor-drop-cap-view-default) .elementor-drop-cap-letter{width:1em;height:1em}.elementor-widget-text-editor .elementor-drop-cap{float:left;text-align:center;line-height:1;font-size:50px}.elementor-widget-text-editor .elementor-drop-cap-letter{display:inline-block}<\/style>\t\t\t\t<p>Our home is in the middle of the media city of Babelsberg. Since April 2022, the premises of the MediaTech Hub Potsdam Management and the MTH Accelerator have been located in the newly created collection building of the Filmmuseum Potsdam. Directly opposite the Film University Babelsberg KONRAD WOLF.<\/p>\n<p><strong>Our address:  <\/strong><br \/>Marlene-Dietrich-Allee 12a<br \/>14482 Potsdam<br \/><a href=\"mailto:contact@mth-potsdam.de\">contact@mth-potsdam.de  <\/a><\/p>\n<\/p>\n<p>If you have appointments on our premises, we can be reached by public transportation:<\/p>\n<p><strong>S-Bahn (S7)<\/strong><br \/>To Griebnitzsee and from there onto August-Bebel-Stra\u00dfe. Turn onto Marlene-Dietrich-Allee and follow it to the end.<\/p>\n<p><strong>Regional train (RE 7)  <\/strong><br \/>To Medienstadt-Babelsberg, on Gro\u00dfbeeren Stra\u00dfe to Emil-Janning-Stra\u00dfe and follow it to the end.<\/p>\n\t\t\t\t\t\t<\/div>\n\t\t\t\t<\/div>\n\t\t\t\t<\/div>\n\t\t\t\t\t<\/div>\n\t\t\t\t<\/div>\n\t\t<div class=\"elementor-element elementor-element-a400f37 e-flex e-con-boxed e-con e-parent\" data-id=\"a400f37\" data-element_type=\"container\">\n\t\t\t\t\t<div class=\"e-con-inner\">\n\t\t<div class=\"elementor-element elementor-element-b5b6d10 e-con-full e-flex e-con e-child\" data-id=\"b5b6d10\" data-element_type=\"container\">\n\t\t\t\t<div class=\"elementor-element elementor-element-9f57031 elementor-widget elementor-widget-heading\" data-id=\"9f57031\" data-element_type=\"widget\" data-widget_type=\"heading.default\">\n\t\t\t\t<div class=\"elementor-widget-container\">\n\t\t\t<h2 class=\"elementor-heading-title elementor-size-default\">Arrange appointments<\/h2>\t\t<\/div>\n\t\t\t\t<\/div>\n\t\t\t\t<div class=\"elementor-element elementor-element-ea84b40 elementor-widget__width-initial elementor-widget elementor-widget-text-editor\" data-id=\"ea84b40\" data-element_type=\"widget\" data-widget_type=\"text-editor.default\">\n\t\t\t\t<div class=\"elementor-widget-container\">\n\t\t\t\t\t\t\t<p>If you would like to get to know us or visit the MediaTech Hub with a delegation, please contact us in advance to arrange an appointment.  <\/p>\n\t\t\t\t\t\t<\/div>\n\t\t\t\t<\/div>\n\t\t\t\t<\/div>\n\t\t<div class=\"elementor-element elementor-element-75da94b e-con-full e-flex e-con e-child\" data-id=\"75da94b\" data-element_type=\"container\">\n\t\t\t\t<div class=\"elementor-element elementor-element-183dafc elementor-widget__width-initial elementor-widget-mobile__width-auto elementor-widget elementor-widget-image\" data-id=\"183dafc\" data-element_type=\"widget\" data-widget_type=\"image.default\">\n\t\t\t\t<div class=\"elementor-widget-container\">\n\t\t\t<style>\/*! elementor - v3.21.0 - 18-04-2024 *\/\n.elementor-widget-image{text-align:center}.elementor-widget-image a{display:inline-block}.elementor-widget-image a img[src$=\".svg\"]{width:48px}.elementor-widget-image img{vertical-align:middle;display:inline-block}<\/style>\t\t\t\t\t\t\t\t\t\t<img fetchpriority=\"high\" decoding=\"async\" width=\"768\" height=\"917\" src=\"https:\/\/mth.lipalabs.de\/wp-content\/uploads\/2024\/05\/Passfoto-Lena-Tietz-e1657269119807-768x917-1.jpeg\" class=\"attachment-large size-large wp-image-25298\" alt=\"\" srcset=\"https:\/\/mth.lipalabs.de\/wp-content\/uploads\/2024\/05\/Passfoto-Lena-Tietz-e1657269119807-768x917-1.jpeg 768w, https:\/\/mth.lipalabs.de\/wp-content\/uploads\/2024\/05\/Passfoto-Lena-Tietz-e1657269119807-768x917-1-251x300.jpeg 251w\" sizes=\"(max-width: 768px) 100vw, 768px\" \/>\t\t\t\t\t\t\t\t\t\t\t\t\t<\/div>\n\t\t\t\t<\/div>\n\t\t\t\t<div class=\"elementor-element elementor-element-50aa0cd text-default-green elementor-widget elementor-widget-text-editor\" data-id=\"50aa0cd\" data-element_type=\"widget\" id=\"person-info\" data-widget_type=\"text-editor.default\">\n\t\t\t\t<div class=\"elementor-widget-container\">\n\t\t\t\t\t\t\t<h3 class=\"person__name font-bold uppercase block\">LENA TIETZ  <\/h3>\n<p class=\"person__position block\">Office Management  <\/p>\n<p class=\"person__e-mail block\"><a href=\"mailto:tietz@mth-potsdam.de\">tietz@mth-potsdam.de<\/a><\/p>\n<p class=\"person__phone block\"><a href=\"tel:+4917670348943\">+49 176 70348943<\/a><\/p>\n\t\t\t\t\t\t<\/div>\n\t\t\t\t<\/div>\n\t\t\t\t<div class=\"elementor-element elementor-element-babb1e7 elementor-widget-mobile__width-auto elementor-widget elementor-widget-image\" data-id=\"babb1e7\" data-element_type=\"widget\" data-widget_type=\"image.default\">\n\t\t\t\t<div class=\"elementor-widget-container\">\n\t\t\t\t\t\t\t\t\t\t\t\t\t<img decoding=\"async\" width=\"768\" height=\"512\" data-src=\"https:\/\/mth.lipalabs.de\/wp-content\/uploads\/2024\/05\/luise-schr.jpg\" class=\"attachment-large size-large wp-image-25296 lazyload\" alt=\"\" data-srcset=\"https:\/\/mth.lipalabs.de\/wp-content\/uploads\/2024\/05\/luise-schr.jpg 768w, https:\/\/mth.lipalabs.de\/wp-content\/uploads\/2024\/05\/luise-schr-300x200.jpg 300w\" data-sizes=\"(max-width: 768px) 100vw, 768px\" src=\"data:image\/gif;base64,R0lGODlhAQABAAAAACH5BAEKAAEALAAAAAABAAEAAAICTAEAOw==\" style=\"--smush-placeholder-width: 768px; --smush-placeholder-aspect-ratio: 768\/512;\" \/><noscript><img decoding=\"async\" width=\"768\" height=\"512\" src=\"https:\/\/mth.lipalabs.de\/wp-content\/uploads\/2024\/05\/luise-schr.jpg\" class=\"attachment-large size-large wp-image-25296\" alt=\"\" srcset=\"https:\/\/mth.lipalabs.de\/wp-content\/uploads\/2024\/05\/luise-schr.jpg 768w, https:\/\/mth.lipalabs.de\/wp-content\/uploads\/2024\/05\/luise-schr-300x200.jpg 300w\" sizes=\"(max-width: 768px) 100vw, 768px\" \/><\/noscript>\t\t\t\t\t\t\t\t\t\t\t\t\t<\/div>\n\t\t\t\t<\/div>\n\t\t\t\t<div class=\"elementor-element elementor-element-52ad021 text-default-green elementor-widget elementor-widget-text-editor\" data-id=\"52ad021\" data-element_type=\"widget\" id=\"person-info\" data-widget_type=\"text-editor.default\">\n\t\t\t\t<div class=\"elementor-widget-container\">\n\t\t\t\t\t\t\t<h3 class=\"person__name font-bold uppercase block\">LUISE SCHR\u00d6TER  <\/h3>\n<p class=\"person__position block\">Community &amp; partner management  <\/p>\n<p class=\"person__e-mail block\"><a href=\"mailto:schroeter@mth-potsdam.de\">schroeter@mth-potsdam.de<\/a><\/p>\n<p class=\"person__phone block\"><a href=\"tel:+4933158505552\">+49 331 58505552<\/a><\/p>\n\t\t\t\t\t\t<\/div>\n\t\t\t\t<\/div>\n\t\t\t\t<\/div>\n\t\t\t\t\t<\/div>\n\t\t\t\t<\/div>\n\t\t\t\t<\/div>\n\t\t","protected":false},"excerpt":{"rendered":"<p>Approach Our home is in the middle of the media city of Babelsberg. Since April 2022, the premises of the MediaTech Hub Potsdam Management and the MTH Accelerator have been located in the newly created collection building of the Filmmuseum Potsdam. Directly opposite the Film University Babelsberg KONRAD WOLF. Our address: Marlene-Dietrich-Allee 12a14482 Potsdamcontact@mth-potsdam.de If [&hellip;]<\/p>\n","protected":false},"author":1,"featured_media":0,"parent":0,"menu_order":0,"comment_status":"closed","ping_status":"closed","template":"","meta":{"_acf_changed":false,"footnotes":""},"class_list":["post-27027","page","type-page","status-publish","hentry"],"acf":[],"yoast_head":"<!-- This site is optimized with the Yoast SEO plugin v22.9 - https:\/\/yoast.com\/wordpress\/plugins\/seo\/ -->\n<title>Contact us &#8211; MediaTech Hub Potsdam<\/title>\n<meta name=\"robots\" content=\"noindex, follow, max-snippet:-1, max-image-preview:large, max-video-preview:-1\" \/>\n<meta property=\"og:locale\" content=\"en_US\" \/>\n<meta property=\"og:type\" content=\"article\" \/>\n<meta property=\"og:title\" content=\"Contact us &#8211; MediaTech Hub Potsdam\" \/>\n<meta property=\"og:description\" content=\"Approach Our home is in the middle of the media city of Babelsberg. Since April 2022, the premises of the MediaTech Hub Potsdam Management and the MTH Accelerator have been located in the newly created collection building of the Filmmuseum Potsdam. Directly opposite the Film University Babelsberg KONRAD WOLF. Our address: Marlene-Dietrich-Allee 12a14482 Potsdamcontact@mth-potsdam.de If [&hellip;]\" \/>\n<meta property=\"og:url\" content=\"https:\/\/mth.lipalabs.de\/en\/contact-us\/\" \/>\n<meta property=\"og:site_name\" content=\"MediaTech Hub Potsdam\" \/>\n<meta property=\"article:publisher\" content=\"https:\/\/www.facebook.com\/MediaTechHubPotsdam\/\" \/>\n<meta property=\"article:modified_time\" content=\"2024-06-21T07:50:35+00:00\" \/>\n<meta property=\"og:image\" content=\"https:\/\/mth.lipalabs.de\/wp-content\/uploads\/2024\/05\/Passfoto-Lena-Tietz-e1657269119807-768x917-1.jpeg\" \/>\n<meta name=\"twitter:card\" content=\"summary_large_image\" \/>\n<meta name=\"twitter:site\" content=\"@MediaTech_Hub\" \/>\n<meta name=\"twitter:label1\" content=\"Est. reading time\" \/>\n\t<meta name=\"twitter:data1\" content=\"1 minute\" \/>\n<script type=\"application\/ld+json\" class=\"yoast-schema-graph\">{\"@context\":\"https:\/\/schema.org\",\"@graph\":[{\"@type\":\"WebPage\",\"@id\":\"https:\/\/mth.lipalabs.de\/en\/contact-us\/\",\"url\":\"https:\/\/mth.lipalabs.de\/en\/contact-us\/\",\"name\":\"Contact us &#8211; MediaTech Hub Potsdam\",\"isPartOf\":{\"@id\":\"https:\/\/mth.lipalabs.de\/en\/#website\"},\"primaryImageOfPage\":{\"@id\":\"https:\/\/mth.lipalabs.de\/en\/contact-us\/#primaryimage\"},\"image\":{\"@id\":\"https:\/\/mth.lipalabs.de\/en\/contact-us\/#primaryimage\"},\"thumbnailUrl\":\"https:\/\/mth.lipalabs.de\/wp-content\/uploads\/2024\/05\/Passfoto-Lena-Tietz-e1657269119807-768x917-1.jpeg\",\"datePublished\":\"2024-04-21T20:03:13+00:00\",\"dateModified\":\"2024-06-21T07:50:35+00:00\",\"breadcrumb\":{\"@id\":\"https:\/\/mth.lipalabs.de\/en\/contact-us\/#breadcrumb\"},\"inLanguage\":\"en-US\",\"potentialAction\":[{\"@type\":\"ReadAction\",\"target\":[\"https:\/\/mth.lipalabs.de\/en\/contact-us\/\"]}]},{\"@type\":\"ImageObject\",\"inLanguage\":\"en-US\",\"@id\":\"https:\/\/mth.lipalabs.de\/en\/contact-us\/#primaryimage\",\"url\":\"https:\/\/mth.lipalabs.de\/wp-content\/uploads\/2024\/05\/Passfoto-Lena-Tietz-e1657269119807-768x917-1.jpeg\",\"contentUrl\":\"https:\/\/mth.lipalabs.de\/wp-content\/uploads\/2024\/05\/Passfoto-Lena-Tietz-e1657269119807-768x917-1.jpeg\"},{\"@type\":\"BreadcrumbList\",\"@id\":\"https:\/\/mth.lipalabs.de\/en\/contact-us\/#breadcrumb\",\"itemListElement\":[{\"@type\":\"ListItem\",\"position\":1,\"name\":\"Startseite\",\"item\":\"https:\/\/mth.lipalabs.de\/en\/\"},{\"@type\":\"ListItem\",\"position\":2,\"name\":\"Contact us\"}]},{\"@type\":\"WebSite\",\"@id\":\"https:\/\/mth.lipalabs.de\/en\/#website\",\"url\":\"https:\/\/mth.lipalabs.de\/en\/\",\"name\":\"MediaTech Hub Potsdam\",\"description\":\"\",\"publisher\":{\"@id\":\"https:\/\/mth.lipalabs.de\/en\/#organization\"},\"alternateName\":\"MTH Potsdam\",\"potentialAction\":[{\"@type\":\"SearchAction\",\"target\":{\"@type\":\"EntryPoint\",\"urlTemplate\":\"https:\/\/mth.lipalabs.de\/en\/?s={search_term_string}\"},\"query-input\":\"required name=search_term_string\"}],\"inLanguage\":\"en-US\"},{\"@type\":\"Organization\",\"@id\":\"https:\/\/mth.lipalabs.de\/en\/#organization\",\"name\":\"MediaTech Hub Potsdam\",\"alternateName\":\"MTH Potsdam\",\"url\":\"https:\/\/mth.lipalabs.de\/en\/\",\"logo\":{\"@type\":\"ImageObject\",\"inLanguage\":\"en-US\",\"@id\":\"https:\/\/mth.lipalabs.de\/en\/#\/schema\/logo\/image\/\",\"url\":null,\"contentUrl\":null,\"width\":null,\"height\":null,\"caption\":\"MediaTech Hub Potsdam\"},\"image\":{\"@id\":\"https:\/\/mth.lipalabs.de\/en\/#\/schema\/logo\/image\/\"},\"sameAs\":[\"https:\/\/www.facebook.com\/MediaTechHubPotsdam\/\",\"https:\/\/x.com\/MediaTech_Hub\",\"https:\/\/www.linkedin.com\/company\/mediatech-hub-potsdam\",\"https:\/\/www.instagram.com\/mthpotsdam\/\",\"https:\/\/www.youtube.com\/channel\/UC48aWrGJIz-U9dN0mG-3OlQ\"]}]}<\/script>\n<!-- \/ Yoast SEO plugin. -->","yoast_head_json":{"title":"Contact us &#8211; MediaTech Hub Potsdam","robots":{"index":"noindex","follow":"follow","max-snippet":"max-snippet:-1","max-image-preview":"max-image-preview:large","max-video-preview":"max-video-preview:-1"},"og_locale":"en_US","og_type":"article","og_title":"Contact us &#8211; MediaTech Hub Potsdam","og_description":"Approach Our home is in the middle of the media city of Babelsberg. Since April 2022, the premises of the MediaTech Hub Potsdam Management and the MTH Accelerator have been located in the newly created collection building of the Filmmuseum Potsdam. Directly opposite the Film University Babelsberg KONRAD WOLF. Our address: Marlene-Dietrich-Allee 12a14482 Potsdamcontact@mth-potsdam.de If [&hellip;]","og_url":"https:\/\/mth.lipalabs.de\/en\/contact-us\/","og_site_name":"MediaTech Hub Potsdam","article_publisher":"https:\/\/www.facebook.com\/MediaTechHubPotsdam\/","article_modified_time":"2024-06-21T07:50:35+00:00","og_image":[{"url":"https:\/\/mth.lipalabs.de\/wp-content\/uploads\/2024\/05\/Passfoto-Lena-Tietz-e1657269119807-768x917-1.jpeg"}],"twitter_card":"summary_large_image","twitter_site":"@MediaTech_Hub","twitter_misc":{"Est. reading time":"1 minute"},"schema":{"@context":"https:\/\/schema.org","@graph":[{"@type":"WebPage","@id":"https:\/\/mth.lipalabs.de\/en\/contact-us\/","url":"https:\/\/mth.lipalabs.de\/en\/contact-us\/","name":"Contact us &#8211; MediaTech Hub Potsdam","isPartOf":{"@id":"https:\/\/mth.lipalabs.de\/en\/#website"},"primaryImageOfPage":{"@id":"https:\/\/mth.lipalabs.de\/en\/contact-us\/#primaryimage"},"image":{"@id":"https:\/\/mth.lipalabs.de\/en\/contact-us\/#primaryimage"},"thumbnailUrl":"https:\/\/mth.lipalabs.de\/wp-content\/uploads\/2024\/05\/Passfoto-Lena-Tietz-e1657269119807-768x917-1.jpeg","datePublished":"2024-04-21T20:03:13+00:00","dateModified":"2024-06-21T07:50:35+00:00","breadcrumb":{"@id":"https:\/\/mth.lipalabs.de\/en\/contact-us\/#breadcrumb"},"inLanguage":"en-US","potentialAction":[{"@type":"ReadAction","target":["https:\/\/mth.lipalabs.de\/en\/contact-us\/"]}]},{"@type":"ImageObject","inLanguage":"en-US","@id":"https:\/\/mth.lipalabs.de\/en\/contact-us\/#primaryimage","url":"https:\/\/mth.lipalabs.de\/wp-content\/uploads\/2024\/05\/Passfoto-Lena-Tietz-e1657269119807-768x917-1.jpeg","contentUrl":"https:\/\/mth.lipalabs.de\/wp-content\/uploads\/2024\/05\/Passfoto-Lena-Tietz-e1657269119807-768x917-1.jpeg"},{"@type":"BreadcrumbList","@id":"https:\/\/mth.lipalabs.de\/en\/contact-us\/#breadcrumb","itemListElement":[{"@type":"ListItem","position":1,"name":"Startseite","item":"https:\/\/mth.lipalabs.de\/en\/"},{"@type":"ListItem","position":2,"name":"Contact us"}]},{"@type":"WebSite","@id":"https:\/\/mth.lipalabs.de\/en\/#website","url":"https:\/\/mth.lipalabs.de\/en\/","name":"MediaTech Hub Potsdam","description":"","publisher":{"@id":"https:\/\/mth.lipalabs.de\/en\/#organization"},"alternateName":"MTH Potsdam","potentialAction":[{"@type":"SearchAction","target":{"@type":"EntryPoint","urlTemplate":"https:\/\/mth.lipalabs.de\/en\/?s={search_term_string}"},"query-input":"required name=search_term_string"}],"inLanguage":"en-US"},{"@type":"Organization","@id":"https:\/\/mth.lipalabs.de\/en\/#organization","name":"MediaTech Hub Potsdam","alternateName":"MTH Potsdam","url":"https:\/\/mth.lipalabs.de\/en\/","logo":{"@type":"ImageObject","inLanguage":"en-US","@id":"https:\/\/mth.lipalabs.de\/en\/#\/schema\/logo\/image\/","url":null,"contentUrl":null,"width":null,"height":null,"caption":"MediaTech Hub Potsdam"},"image":{"@id":"https:\/\/mth.lipalabs.de\/en\/#\/schema\/logo\/image\/"},"sameAs":["https:\/\/www.facebook.com\/MediaTechHubPotsdam\/","https:\/\/x.com\/MediaTech_Hub","https:\/\/www.linkedin.com\/company\/mediatech-hub-potsdam","https:\/\/www.instagram.com\/mthpotsdam\/","https:\/\/www.youtube.com\/channel\/UC48aWrGJIz-U9dN0mG-3OlQ"]}]}},"_links":{"self":[{"href":"https:\/\/mth.lipalabs.de\/en\/wp-json\/wp\/v2\/pages\/27027","targetHints":{"allow":["GET"]}}],"collection":[{"href":"https:\/\/mth.lipalabs.de\/en\/wp-json\/wp\/v2\/pages"}],"about":[{"href":"https:\/\/mth.lipalabs.de\/en\/wp-json\/wp\/v2\/types\/page"}],"author":[{"embeddable":true,"href":"https:\/\/mth.lipalabs.de\/en\/wp-json\/wp\/v2\/users\/1"}],"replies":[{"embeddable":true,"href":"https:\/\/mth.lipalabs.de\/en\/wp-json\/wp\/v2\/comments?post=27027"}],"version-history":[{"count":1,"href":"https:\/\/mth.lipalabs.de\/en\/wp-json\/wp\/v2\/pages\/27027\/revisions"}],"predecessor-version":[{"id":27028,"href":"https:\/\/mth.lipalabs.de\/en\/wp-json\/wp\/v2\/pages\/27027\/revisions\/27028"}],"wp:attachment":[{"href":"https:\/\/mth.lipalabs.de\/en\/wp-json\/wp\/v2\/media?parent=27027"}],"curies":[{"name":"wp","href":"https:\/\/api.w.org\/{rel}","templated":true}]}}